{"id":1262,"date":"2014-09-26T16:19:35","date_gmt":"2014-09-26T15:19:35","guid":{"rendered":"http:\/\/www.kleine-miri.de\/blog\/?page_id=1262"},"modified":"2022-05-25T11:04:41","modified_gmt":"2022-05-25T09:04:41","slug":"kurse","status":"publish","type":"page","link":"https:\/\/www.kleine-miri.de\/blog\/kurse\/","title":{"rendered":"Kurse"},"content":{"rendered":"<p><del>Lust drauf mal eine Creme selber zu r\u00fchren, aber keine Ahnung, wie man am besten anf\u00e4ngt? Auf der Suche nach neuen Kr\u00e4uterideen und Dufterlebnissen? Ich gebe gerne Kurse, Vortr\u00e4ge und F\u00fchrungen rund um die Themen Naturkosmetik selber machen sowie Leckeres, N\u00fctzliches und Sch\u00f6nes aus Kr\u00e4utern und Wildpflanzen, bevorzugt in W\u00fcrzburg und Umgebung.<\/del> Im Moment mache ich Babypause, aber die Kurse kommen wieder &#8211; versprochen \ud83d\ude09<del><br \/>\n<\/del><\/p>\n<p><strong>N\u00e4chste Termine:<\/strong><\/p>\n<p><strong>Naturkosmetik selbstgemacht &#8211; nat\u00fcrliche Hautpflege aus K\u00fcche und Garten<\/strong><\/p>\n<p>Nat\u00fcrliche Hautpflege l\u00e4sst sich mit etwas Knowhow ganz einfach selbst herstellen. Viele wertvolle Zutaten daf\u00fcr finden sich in K\u00fcche und Garten. In diesem Kurs lernen wir, wie man mit selbstgemachten Masken, Peelings, \u00d6len, Salben und Cremes der Haut etwas Gutes tun kann und worauf es bei der Verarbeitung von Kr\u00e4utern und anderen Zutaten in der Kosmetik ankommt. Nach einem einf\u00fchrenden Vortrag r\u00fchren wir zusammen eine pflegende Kr\u00e4utersalbe, eine zart duftende Rosencreme und ein erfrischendes, feuchtigkeitsspendendes Aloe-Vera-Gel.<\/p>\n<p>Sa, 04.07.2020, 9.30-12.30 Uhr, \u00d6kohaus W\u00fcrzburg<\/p>\n<p><strong>Vergangene Termine:<\/strong><\/p>\n<p><span style=\"color: #000000;\"><span style=\"font-family: Times New Roman, serif;\"><span style=\"font-size: medium;\"><b>Naturkosmetik selbstgemacht \u2013 schnelle, einfache Pflege f\u00fcr die ganze Familie<\/b><\/span><\/span><\/span><\/p>\n<p><span style=\"color: #000000;\"><span style=\"font-family: Times New Roman, serif;\"><span style=\"font-size: medium;\">Naturkosmetik in der eigenen K\u00fcche herzustellen ist nicht schwieriger als Kochen, macht Spa\u00df und kann eine gute Alternative zu gekauften Produkten sein, da man genau wei\u00df, was drin ist. Dabei braucht man weder viel Zeit noch viele verschiedene Zutaten, um eigene Naturkosmetik f\u00fcr den t\u00e4glichen Gebrauch selbst zu machen. In dem Kurs geht es darum, wie man mit einigen wenigen Zutaten und den entsprechenden Grundrezepten f\u00fcr die eigene Hautpflege sorgen kann.<\/span><\/span><\/span><\/p>\n<p><span style=\"color: #000000;\"><span style=\"font-family: Times New Roman, serif;\"><span style=\"font-size: medium;\">Nach einer kurzen Einf\u00fchrung in die Herstellung von Naturkosmetik, stellen wir zusammen drei Rezepte her, die alle nicht mehr als f\u00fcnf Zutaten brauchen und schnell ger\u00fchrt sind: eine leichte Ringelblumencreme f\u00fcr Gesicht und K\u00f6rper, praktische Lippen- und Handpflegest\u00fcckchen in niedlichen Formen und eine reichhaltige, cremige Shea-Mousse.<\/span><\/span><\/span><\/p>\n<p><span style=\"color: #000000;\"><span style=\"font-family: Times New Roman, serif;\"><span style=\"font-size: medium;\"> Sa, 25.01.20, 9.30-12.30 Uhr, \u00d6kohaus W\u00fcrzburg<\/span><\/span><\/span><\/p>\n<p><b>Naturkosmetik selbstgemacht \u2013 Geschenke aus der R\u00fchrk\u00fcche<\/b><\/p>\n<p>Selbstgemachte Geschenke sind Unikate und k\u00f6nnen dabei auch noch sehr praktisch und hochwertig sein. In diesem Kurs stellen wir zusammen drei Pflegeprodukte her, die sich auch in der heimischen K\u00fcche ohne gro\u00dfen Aufwand zubereiten und individuell gestalten lassen. Nach einem einf\u00fchrenden Vortrag \u00fcber die kosmetischen Grundlagen r\u00fchren wir zusammen ein pflegende, cremige Shea-Mousse, Lippen- und Handpflegest\u00fcckchen in niedlichen Formen und duftende, sanft sprudelnde Badepralinen. Am Ende nimmt nat\u00fcrlich jeder Teilnehmer von jedem Rezept etwas mit nach Hause \u2013 f\u00fcr sich und\/oder zum Weiterschenken.<\/p>\n<p>Bitte mitbringen: Marmeladenglas, Brotdose oder stabiles T\u00fctchen f\u00fcr den Transport der Badepralinen<\/p>\n<p>Sa, 07.12.20 von 14\u201317 Uhr, UBIZ Oberschleichach<\/p>\n<p><b>Naturkosmetik selbstgemacht \u2013 Wege zur nat\u00fcrlichen Hautpflege<\/b><\/p>\n<p>Reine glatte Haut mit einem strahlenden Teint \u2013 wer w\u00fcnscht sich das nicht? Es gibt auch viele Pflegeprodukte mit teilweise bedenklichen Inhaltsstoffen zu kaufen, die uns das versprechen. Dabei ist Hautpflege mit etwas Knowhow ganz einfach selbst in der heimischen K\u00fcche herzustellen. Viele Zutaten daf\u00fcr finden sich in fast jeder K\u00fcche. In diesem Kurs lernen wir, worauf es bei einer nat\u00fcrlichen Hautpflege ankommt, was sie leisten kann und was nicht und wie man mit selbstgemachten Masken, Peelings, \u00d6len und Cremes der Haut etwas Gutes tun kann. Nach einem einf\u00fchrenden Vortrag \u00fcber die kosmetischen Grundlagen r\u00fchren wir zusammen drei Hautpflegeprodukte, die jeder Teilnehmer mit nat\u00fcrlichen Wirkstoffen individuell verfeinert und zum Ausprobieren mit nach Hause nimmt: eine pflegende Creme, einen Lippenpflegestift und ein Feuchtigkeitsgel, das sich auch gut als Gesichtsmaske verwenden l\u00e4sst.<\/p>\n<p>Sa, 29.06.19, 9.30-12.30 Uhr, \u00d6kohaus W\u00fcrzburg<\/p>\n<p><strong>Frisch und Sauber mit selbstgemachter Naturkosmetik<\/strong><\/p>\n<p align=\"left\"><span style=\"font-size: medium;\">Dusche, Haarw\u00e4sche und Deo geh\u00f6ren f\u00fcr uns selbstverst\u00e4ndlich zu K\u00f6rperpflege. Dar\u00fcber, was im Shampoo oder Duschgel steckt, machen wir uns oft keine Gedanken. In diesem Kurs lernen wir, welche M\u00f6glichkeiten die Naturkosmetik bietet, um Haut und Haar zu reinigen, und machen einen kleinen Ausflug in die Naturpaf\u00fcmerie. Anschlie\u00dfend stellen wir zusammen sanftes Shampoo, ein Duschgel am St\u00fcck, das sich f\u00fcr Haut und Haar verwenden l\u00e4sst, und ein Deodorant her. Dabei darf jeder Teilnehmer seine Rezeptur ganz individuell mit \u00e4therischen \u00d6len beduften und nat\u00fcrlich mit nach Hause nehmen.<\/span><\/p>\n<p align=\"left\">Fr, 07.06.19 von 17\u201320 Uhr, UBIZ Oberschleichach<\/p>\n<p><strong>Naturkosmetik selbstgemacht \u2013 Geschenke aus der R\u00fchrk\u00fcche<\/strong><\/p>\n<p>Selbstgemachte Geschenke sind Unikate und k\u00f6nnen dabei auch noch sehr praktisch und hochwertig sein. In diesem Kurs stellen wir zusammen drei Pflegeprodukte her, die sich auch in der heimischen K\u00fcche ohne gro\u00dfen Aufwand zubereiten und individuell gestalten lassen. Nach einem einf\u00fchrenden Vortrag \u00fcber die kosmetischen Grundlagen r\u00fchren wir zusammen ein pflegendes Balsam mit Bienenwachs, eine schokoladig duftende Massagebutter und bunte, sprudelnde Badebomben. Von den Produkten nimmt jeder Teilnehmer nat\u00fcrlich je ein Exemplar mit nach Hause \u2013 f\u00fcr sich oder zum Weiterschenken.<\/p>\n<p>Sa, 1.12.18, 14-17 Uhr, \u00d6kohaus W\u00fcrzburg<\/p>\n<p><strong>Lippenpflegestift, K\u00f6rperbutter und Duschgel \u2013 Naturkosmetik selbstgemacht<\/strong><\/p>\n<p>Naturkosmetik in der eigenen K\u00fcche herzustellen ist nicht schwieriger als Kochen, macht Spa\u00df und kann eine gute Alternative zu gekauften Produkten sein, da man genau wei\u00df, was drin ist. Und trotzdem gibt es gerade f\u00fcr Anf\u00e4nger einige H\u00fcrden. Wo findet man passende Rezepte und die Zutaten daf\u00fcr? Was ist bei der Herstellung alles zu beachten? F\u00fcr alle, die Lust haben, ihre Kosmetik einmal selbst zu r\u00fchren, bietet dieser Kurs einen Einstieg in Grundwissen und -techniken. Nach einem einf\u00fchrenden Vortrag stellen wir zusammen drei Rezepte her: einen Lippenpflegestift, eine K\u00f6rperbutter mit Kokos\u00f6l und ein Duschgel mit individuellem Duft.<\/p>\n<p>Fr, 02.11.18 von 17\u201320 Uhr, UBIZ Oberschleichach<\/p>\n<p><strong>Naturkosmetik selbstgemacht \u2013 Wege zur nat\u00fcrlichen Haarpflege<\/strong><\/p>\n<p>Kr\u00e4ftiges, gl\u00e4nzendes Haar bis in die Spitzen \u2013 wer w\u00fcnscht sich das nicht? Daf\u00fcr muss man nicht unbedingt teure Pflegeprodukte, mit teilweise bedenklichen Inhaltsstoffen kaufen, denn Haarpflegeprodukte selbst herzustellen ist mit etwas Knowhow nicht schwer. Die ersten Zutaten daf\u00fcr finden sich in fast jeder K\u00fcche. In diesem Kurs lernen wir, worauf es bei einer nat\u00fcrlichen Haarpflege ankommt, was sie leisten kann und was nicht und wie man dem eigenen Haar mit einfachen Mitteln etwas Gutes tut. Nach einem einf\u00fchrenden Vortrag \u00fcber die kosmetischen Grundlagen r\u00fchren wir zusammen drei Haarpflegeprodukte, von denen jeder Teilnehmer nat\u00fcrlich etwas zu Ausprobieren mit nach Hause nimmt: ein mildes Shampoo, eine pflegende Cremesp\u00fclung und ein Spray, das die Haare leicht k\u00e4mmbar macht.<\/p>\n<p>Sa, 21.7.18, 9.30-12.30 Uhr, \u00d6kohaus W\u00fcrzburg<\/p>\n<p><strong>Naturkosmetik selbstgemacht \u2013 Aromawellness f\u00fcr Zuhause<\/strong><\/p>\n<p>Wie man sich mit nat\u00fcrlichen D\u00fcften und selbstgemachten Pflegeprodukten ein bisschen Wellness nach Hause holen kann und K\u00f6rper und Seele verw\u00f6hnt, darum geht es in diesem Kurs. Das tut gerade in der dunklen Jahreszeit gut und ergibt auch sch\u00f6ne Geschenkideen. Nach einem Vortrag \u00fcber die naturkosmetischen Grundlagen stellen wir zusammen drei Rezepte her: ein Duschgel auf Basis von Rosskastanien, das sich auch als Peeling verwenden l\u00e4sst, eine sprudelnde Bade- bzw. Duschbombe, mit der man auch die heimische Dusche in ein kleines Aromadampfbad verwandeln kann, und ein pflegendes K\u00f6rper\u00f6l. Dabei darf jeder Teilnehmer seine Rezeptur ganz individuell beduften und nat\u00fcrlich mit nach Hause nehmen.<br \/>\nBitte mitbringen: Leeres Schraubglas zum Transport der Badebombe.<\/p>\n<p>Sa, 18.11.17, \u00d6kohaus W\u00fcrzburg<\/p>\n<p><strong>Lippenpflegestift, K\u00f6rperbutter und Duschgel \u2013 Naturkosmetik selbstgemacht<\/strong><\/p>\n<p>Naturkosmetik in der eigenen K\u00fcche herzustellen ist nicht schwieriger als Kochen, macht Spa\u00df und kann eine gute Alternative zu gekauften Produkten sein, da man genau wei\u00df, was drin ist. Und trotzdem gibt es gerade f\u00fcr Anf\u00e4nger einige H\u00fcrden. Wo findet man passende Rezepte und die Zutaten daf\u00fcr? Was ist bei der Herstellung alles zu beachten? F\u00fcr alle, die Lust haben, ihre Kosmetik einmal selbst zu r\u00fchren, bietet dieser Kurs einen Einstieg in Grundwissen und -techniken. Nach einem einf\u00fchrenden Vortrag stellen wir zusammen drei Rezepte her: einen Lippenpflegestift, eine K\u00f6rperbutter mit Kokos\u00f6l und ein Duschgel mit individuellem Duft.<\/p>\n<p>Fr, 27.10.17 von 17\u201320 Uhr, UBIZ Oberschleichach<\/p>\n<p><strong>Duschgel, Shampoobar und Deodorant \u2013 frisch und sauber mit selbstgemachter Naturkosmetik<\/strong><\/p>\n<p>Dusche und Haarw\u00e4sche geh\u00f6ren f\u00fcr uns selbstverst\u00e4ndlich zu K\u00f6rperpflege. Dar\u00fcber, was im Shampoo oder Duschgel steckt, machen wir uns oft keine Gedanken. In diesem Kurs lernen wir, welche M\u00f6glichkeiten die Naturkosmetik bietet, um Haut und Haar zu reinigen, und machen einen kleinen Ausflug in die Naturpaf\u00fcmerie. Anschlie\u00dfend stellt jeder Teilnehmer in der Gruppe ein Duschgel, einen Shampoobar (festes Shampoo) und ein Deodorant her und beduftet seine Produkte individuell mit \u00e4therischen \u00d6len.<\/p>\n<p>Fr, 31.03.2017, 18-21 Uhr Uhr, \u00d6kohaus W\u00fcrzburg<\/p>\n<p><strong>Lippenpflegestift, Badepralinen und K\u00f6rperbutter \u2013 Naturkosmetik selbstgemacht<\/strong><\/p>\n<p>Nach einer kurzen theoretischen Einf\u00fchrung in die Naturkosmetik wird stellen wir gemeinsam Lippenpflegestift, Badepralinen und K\u00f6rperbutter her.<\/p>\n<p>Sa, 5.11.2016, 14-17 Uhr, \u00d6kohaus W\u00fcrzburg<br \/>\nFr, 9.12.2016, 18-21 Uhr, \u00d6kohaus W\u00fcrzburg<\/p>\n<p><strong>Naturkosmetik selbstgemacht \u2013 Gut gepflegt durch den Sommer<\/strong><\/p>\n<p>Sommer, Sonne, Urlaub \u2013 f\u00fcr die meisten klingt das sicher nach Entspannung pur, aber f\u00fcr unsere Haut h\u00e4lt die warme Jahreszeit auch Herausforderungen bereit. Deswegen geht es in diesem Kurs darum, mit welchen nat\u00fcrlichen Kosmetikzutaten wir die Haut vor Sonnenbrand sch\u00fctzen k\u00f6nnen und welche sich allgemein f\u00fcr die Hautpflege im Sommer besonders eignen. Nach einer theoretischen Einf\u00fchrung stellen wir zusammen ein Sonnenschutz\u00f6l, ein pflegendes Aloe-Vera-Gel und ein erfrischendes Bodyspray her, das nicht nur k\u00fchlt, sondern mit der richtigen Duftmischung auch summende Plagegeister abschrecken kann.<\/p>\n<p>Sa, 9.7.2016, 14.00-17.00 Uhr, \u00d6kohaus W\u00fcrzburg<\/p>\n<p><strong>Naturkosmetik selbstgemacht &#8211; Der Weg zur eigenen Naturcreme<\/strong><\/p>\n<p>Cremes spielen eine zentrale Rolle in der modernen Hautpflege. In diesem Praxisseminar lernen die Teilnehmer, wie man Cremes in naturkosmetischer Qualit\u00e4t mit wenigen Zutaten zu Hause selbst r\u00fchren und Rezepturen den Bed\u00fcrfnissen der eigenen Haut anpassen kann. Hierzu stellen wir nach einer Einf\u00fchrung in die Theorie gemeinsam eine leichte Tagescreme, eine reichhaltigere Nachtcreme und eine sehr gehaltvolle Fettcreme her. Da gerade in der dunklen Jahreszeit K\u00e4lte, Lichtmangel und trockene Heizungsluft unserer Haut zusetzen, verwenden wir daf\u00fcr besonders pflegende Naturrohstoffe wie Bienenwachs, Wollfett, Sheabutter und Pflanzen\u00f6le. Nat\u00fcrlich bekommt jeder Teilnehmer am Schluss von allen drei Rezepturen ein D\u00f6schen mit nach Hause, um sie \u201eam eigenen Leib\u201c ausprobieren zu k\u00f6nnen.<\/p>\n<p>Sa, 23.01.2016 14.00-17.00 Uhr, \u00d6kohaus W\u00fcrzburg<\/p>\n<p><strong>Duschgel, Shampoobar und Deodorant \u2013 frisch und sauber mit selbstgemachter Naturkosmetik<\/strong><\/p>\n<p>Dusche und Haarw\u00e4sche geh\u00f6ren f\u00fcr uns selbstverst\u00e4ndlich zu K\u00f6rperpflege. Dar\u00fcber, was im Shampoo oder Duschgel steckt, machen wir uns oft keine Gedanken. In diesem Kurs lernen wir, welche M\u00f6glichkeiten die Naturkosmetik bietet, um Haut und Haar zu reinigen, und machen einen kleinen Ausflug in die Naturpaf\u00fcmerie. Anschlie\u00dfend stellt jeder Teilnehmer in der Gruppe ein Duschgel, einen Shampoobar (festes Shampoo) und ein Deodorant her und beduftet seine Produkte individuell mit \u00e4therischen \u00d6len.<\/p>\n<p>Sa, 25.4.2015, 15.30-18.30 Uhr, \u00d6kohaus W\u00fcrzburg<\/p>\n<p><strong>Lippenpflegestift, Badepralinen und K\u00f6rperbutter \u2013 Naturkosmetik selbstgemacht<\/strong><br \/>\nNach einer kurzen theoretischen Einf\u00fchrung in die Naturkosmetik wird stellen wir gemeinsam Lippenpflegestift, Badepralinen und K\u00f6rperbutter her.<\/p>\n<p>Sa, 8.11.2014, 14-17 Uhr, \u00d6kohaus W\u00fcrzburg (auf Warteliste)<br \/>\nSa, 29.11.2014, 14-17 Uhr, \u00d6kohaus W\u00fcrzburg (auf Warteliste)<br \/>\nSa, 31.01.2015, 14-17 Uhr, \u00d6kohaus W\u00fcrzburg (auf Warteliste)<\/p>\n<p>Anmeldung <a href=\"http:\/\/www.wuerzburg.bund-naturschutz.de\/veranstaltungen\/termin\/lippenpflegestift-badepralinen-und-koerperbutter-naturkosmetik-selbstgemacht.html\">hier<\/a><\/p>\n<p><strong>Wir machen nat\u00fcrliche Lippenpflege<\/strong><br \/>\nSpielerisch erkunden wir, was in einen Lippenpflegestift geh\u00f6rt, und r\u00fchren ihn danach selbst zusammen.<\/p>\n<p>Sa, 13.12.2014, 14-16 Uhr, Bund Naturschutz Kindergruppe, Margetsh\u00f6chheim<\/p>\n","protected":false},"excerpt":{"rendered":"<p>Lust drauf mal eine Creme selber zu r\u00fchren, aber keine Ahnung, wie man am besten anf\u00e4ngt? Auf der Suche nach neuen Kr\u00e4uterideen und Dufterlebnissen? Ich gebe gerne Kurse, Vortr\u00e4ge und F\u00fchrungen rund um die Themen Naturkosmetik selber machen sowie Leckeres,&hellip;<\/p>\n<p class=\"more-link-p\"><a class=\"more-link\" href=\"https:\/\/www.kleine-miri.de\/blog\/kurse\/\">Weiterlesen &rarr;<\/a><\/p>\n","protected":false},"author":1,"featured_media":0,"parent":0,"menu_order":0,"comment_status":"closed","ping_status":"closed","template":"","meta":{"footnotes":""},"class_list":["post-1262","page","type-page","status-publish","hentry"],"_links":{"self":[{"href":"https:\/\/www.kleine-miri.de\/blog\/wp-json\/wp\/v2\/pages\/1262","targetHints":{"allow":["GET"]}}],"collection":[{"href":"https:\/\/www.kleine-miri.de\/blog\/wp-json\/wp\/v2\/pages"}],"about":[{"href":"https:\/\/www.kleine-miri.de\/blog\/wp-json\/wp\/v2\/types\/page"}],"author":[{"embeddable":true,"href":"https:\/\/www.kleine-miri.de\/blog\/wp-json\/wp\/v2\/users\/1"}],"replies":[{"embeddable":true,"href":"https:\/\/www.kleine-miri.de\/blog\/wp-json\/wp\/v2\/comments?post=1262"}],"version-history":[{"count":21,"href":"https:\/\/www.kleine-miri.de\/blog\/wp-json\/wp\/v2\/pages\/1262\/revisions"}],"predecessor-version":[{"id":3050,"href":"https:\/\/www.kleine-miri.de\/blog\/wp-json\/wp\/v2\/pages\/1262\/revisions\/3050"}],"wp:attachment":[{"href":"https:\/\/www.kleine-miri.de\/blog\/wp-json\/wp\/v2\/media?parent=1262"}],"curies":[{"name":"wp","href":"https:\/\/api.w.org\/{rel}","templated":true}]}}