{"id":1509,"date":"2015-02-04T17:44:31","date_gmt":"2015-02-04T16:44:31","guid":{"rendered":"https:\/\/www.kleine-miri.de\/blog\/?page_id=1509"},"modified":"2015-02-04T17:44:31","modified_gmt":"2015-02-04T16:44:31","slug":"ebooks","status":"publish","type":"page","link":"https:\/\/www.kleine-miri.de\/blog\/ebooks\/","title":{"rendered":"ebooks"},"content":{"rendered":"<p>Eine kleine Weihnachtsgeschichte f\u00fcr gro\u00dfe und kleine Kinder, f\u00fcr die die Weihnachtsnacht noch einen ganz eigenen Zauber hat<\/p>\n<p><a href=\"https:\/\/www.kleine-miri.de\/blog\/2014\/12\/14\/eine-weihnachtsgeschichte-fuer-euch\/\" title=\"Eine Weihnachtsgeschichte f\u00fcr euch\"><img decoding=\"async\" src=\"https:\/\/www.kleine-miri.de\/blog\/wp-content\/uploads\/2014\/12\/cover_weihnachtsnacht_klein.jpg\" alt=\"Mein Weihnachtsgeschenk f\u00fcr euch\" width=\"275\" class=\"aligncenter size-full wp-image-1407\" \/><\/a><\/p>\n<p>Und f\u00fcr alle, die den Sommer gerne mit ihren gr\u00fcnen Lieblingen verbringen<\/p>\n<p><a href=\"http:\/\/www.kleine-miri.de\/blog\/2014\/09\/20\/ueberraschungsbuch-fuer-euch\/\" title=\"\u00dcberraschungsbuch f\u00fcr euch!\"><img loading=\"lazy\" decoding=\"async\" src=\"https:\/\/www.kleine-miri.de\/blog\/wp-content\/uploads\/2014\/09\/cover_klein.jpg\" alt=\"cover_klein\" width=\"275\" height=\"388\" class=\"aligncenter size-full wp-image-1232\" \/><\/a><\/p>\n","protected":false},"excerpt":{"rendered":"<p>Eine kleine Weihnachtsgeschichte f\u00fcr gro\u00dfe und kleine Kinder, f\u00fcr die die Weihnachtsnacht noch einen ganz eigenen Zauber hat Und f\u00fcr alle, die den Sommer gerne mit ihren gr\u00fcnen Lieblingen verbringen<\/p>\n<p class=\"more-link-p\"><a class=\"more-link\" href=\"https:\/\/www.kleine-miri.de\/blog\/ebooks\/\">Weiterlesen &rarr;<\/a><\/p>\n","protected":false},"author":1,"featured_media":0,"parent":0,"menu_order":0,"comment_status":"open","ping_status":"open","template":"","meta":{"footnotes":""},"class_list":["post-1509","page","type-page","status-publish","hentry"],"_links":{"self":[{"href":"https:\/\/www.kleine-miri.de\/blog\/wp-json\/wp\/v2\/pages\/1509","targetHints":{"allow":["GET"]}}],"collection":[{"href":"https:\/\/www.kleine-miri.de\/blog\/wp-json\/wp\/v2\/pages"}],"about":[{"href":"https:\/\/www.kleine-miri.de\/blog\/wp-json\/wp\/v2\/types\/page"}],"author":[{"embeddable":true,"href":"https:\/\/www.kleine-miri.de\/blog\/wp-json\/wp\/v2\/users\/1"}],"replies":[{"embeddable":true,"href":"https:\/\/www.kleine-miri.de\/blog\/wp-json\/wp\/v2\/comments?post=1509"}],"version-history":[{"count":4,"href":"https:\/\/www.kleine-miri.de\/blog\/wp-json\/wp\/v2\/pages\/1509\/revisions"}],"predecessor-version":[{"id":1513,"href":"https:\/\/www.kleine-miri.de\/blog\/wp-json\/wp\/v2\/pages\/1509\/revisions\/1513"}],"wp:attachment":[{"href":"https:\/\/www.kleine-miri.de\/blog\/wp-json\/wp\/v2\/media?parent=1509"}],"curies":[{"name":"wp","href":"https:\/\/api.w.org\/{rel}","templated":true}]}}