{"id":2,"date":"2013-01-31T20:03:16","date_gmt":"2013-01-31T20:03:16","guid":{"rendered":"https:\/\/www.kleine-miri.de\/blog\/?page_id=2"},"modified":"2020-01-03T18:31:20","modified_gmt":"2020-01-03T17:31:20","slug":"impressum","status":"publish","type":"page","link":"https:\/\/www.kleine-miri.de\/blog\/impressum\/","title":{"rendered":"Impressum"},"content":{"rendered":"<p>Mirjam Falge<br \/>\nCarl-Vornberger-Stra\u00dfe 16<br \/>\n97236 Randersacker<br \/>\nGermany<br \/>\neMail: mirjam[at]kleine-miri.de<br \/>\nTelefon: 0176\/63100261<\/p>\n<h1>Urheberrecht<\/h1>\n<p>Die Vervielf\u00e4ltigung, Bearbeitung, Verbreitung und jede Art der Verwertung au\u00dferhalb der Grenzen des Urheberrechtes bed\u00fcrfen der schriftlichen Zustimmung des jeweiligen Autors bzw. Erstellers. Downloads und Kopien dieser Seite sind nur f\u00fcr den privaten, nicht kommerziellen Gebrauch gestattet.Soweit die Inhalte auf dieser Seite nicht vom Betreiber erstellt wurden, werden die Urheberrechte Dritter beachtet. Insbesondere werden Inhalte Dritter als solche gekennzeichnet. Sollten Sie trotzdem auf eine Urheberrechtsverletzung aufmerksam werden, bitten wir um einen entsprechenden Hinweis. Bei Bekanntwerden von Rechtsverletzungen werden wir derartige Inhalte umgehend entfernen.<\/p>\n<p><strong>Sollten Sie jedoch Interesse an meinen Inhalten, Texten und Bilderhaben, wenden Sie sich bitte an mich.<\/strong><\/p>\n<p>Quelle: Impressumsgenerator von <a href=\"http:\/\/www.e-recht24.de\/\">erecht24.de<\/a><\/p>\n","protected":false},"excerpt":{"rendered":"<p>Mirjam Falge Carl-Vornberger-Stra\u00dfe 16 97236 Randersacker Germany eMail: mirjam[at]kleine-miri.de Telefon: 0176\/63100261 Urheberrecht Die Vervielf\u00e4ltigung, Bearbeitung, Verbreitung und jede Art der Verwertung au\u00dferhalb der Grenzen des Urheberrechtes bed\u00fcrfen der schriftlichen Zustimmung des jeweiligen Autors bzw. Erstellers. Downloads und Kopien dieser Seite&hellip;<\/p>\n<p class=\"more-link-p\"><a class=\"more-link\" href=\"https:\/\/www.kleine-miri.de\/blog\/impressum\/\">Weiterlesen &rarr;<\/a><\/p>\n","protected":false},"author":1,"featured_media":0,"parent":0,"menu_order":3,"comment_status":"closed","ping_status":"closed","template":"","meta":{"footnotes":""},"class_list":["post-2","page","type-page","status-publish","hentry"],"_links":{"self":[{"href":"https:\/\/www.kleine-miri.de\/blog\/wp-json\/wp\/v2\/pages\/2","targetHints":{"allow":["GET"]}}],"collection":[{"href":"https:\/\/www.kleine-miri.de\/blog\/wp-json\/wp\/v2\/pages"}],"about":[{"href":"https:\/\/www.kleine-miri.de\/blog\/wp-json\/wp\/v2\/types\/page"}],"author":[{"embeddable":true,"href":"https:\/\/www.kleine-miri.de\/blog\/wp-json\/wp\/v2\/users\/1"}],"replies":[{"embeddable":true,"href":"https:\/\/www.kleine-miri.de\/blog\/wp-json\/wp\/v2\/comments?post=2"}],"version-history":[{"count":19,"href":"https:\/\/www.kleine-miri.de\/blog\/wp-json\/wp\/v2\/pages\/2\/revisions"}],"predecessor-version":[{"id":2468,"href":"https:\/\/www.kleine-miri.de\/blog\/wp-json\/wp\/v2\/pages\/2\/revisions\/2468"}],"wp:attachment":[{"href":"https:\/\/www.kleine-miri.de\/blog\/wp-json\/wp\/v2\/media?parent=2"}],"curies":[{"name":"wp","href":"https:\/\/api.w.org\/{rel}","templated":true}]}}