{"id":205,"date":"2013-05-14T12:11:53","date_gmt":"2013-05-14T10:11:53","guid":{"rendered":"http:\/\/www.kleine-miri.de\/blog\/?page_id=205"},"modified":"2017-12-30T14:24:38","modified_gmt":"2017-12-30T13:24:38","slug":"rezepte","status":"publish","type":"page","link":"https:\/\/www.kleine-miri.de\/blog\/rezepte\/","title":{"rendered":"Rezept\u00fcbersicht"},"content":{"rendered":"<p>Hier findet sich eine \u00dcbersicht der Rezepte, die bisher auf Miris Hexenk\u00fcche vorgestellt wurden.<\/p>\n<h2>Kosmetik<\/h2>\n<p><strong>Gesicht<\/strong><\/p>\n<p><a title=\"Erfrischung f\u00fcr die Haut\" href=\"http:\/\/www.kleine-miri.de\/blog\/?p=316\">Gesichtsgel<\/a><br \/>\n<a href=\"https:\/\/www.kleine-miri.de\/blog\/2016\/01\/22\/sauber-mit-oel-die-oil-cleansing-method-im-selbsttest\/\">Gesichtsreinigungs\u00f6l<\/a><br \/>\n<a href=\"https:\/\/www.kleine-miri.de\/blog\/2015\/01\/25\/ein-hauch-von-fruehling\/\" title=\"Ein Hauch von Fr\u00fchling\">Hyalurongel<\/a><br \/>\n<a href=\"http:\/\/www.kleine-miri.de\/blog\/2014\/10\/13\/uromas-kaffeemuehle-und-die-kastanien\/\" title=\"Uromas Kaffeem\u00fchle und die Kastanien\">Kastanien-Tonerde-Maske<\/a><br \/>\n<a title=\"Weiche Lippen\" href=\"http:\/\/www.kleine-miri.de\/blog\/?p=257\">Lippenpflegestift<\/a><br \/>\n<a href=\"https:\/\/www.kleine-miri.de\/blog\/2016\/01\/06\/balsam-fuer-lippen-und-seele\/\">Lippenpflegestift Mimose<\/a><br \/>\n<a title=\"Meeresbrise\" href=\"http:\/\/www.kleine-miri.de\/blog\/?p=304\">Maske mit &#8222;Meeresschlamm&#8220;<\/a><br \/>\n<a title=\"Mohn und Honig\" href=\"http:\/\/www.kleine-miri.de\/blog\/?p=293\">Peeling mit Mohn und Honig<\/a><br \/>\n<a href=\"https:\/\/www.kleine-miri.de\/blog\/2016\/02\/14\/zum-valentinstag-gibt-es\/\">Ringelblumen-Oliven\u00f6l-Lippenstift<\/a><br \/>\n<a href=\"https:\/\/www.kleine-miri.de\/blog\/2017\/01\/22\/drei-mal-rose-fuer-die-haut\/\">Rosencreme<\/a><br \/>\n<a title=\"Schokoladengenuss\" href=\"http:\/\/www.kleine-miri.de\/blog\/2013\/10\/15\/schokoladengenuss\/\">Schoko-Kokos-Lippenbalsam<\/a><br \/>\n<a href=\"https:\/\/www.kleine-miri.de\/blog\/2016\/02\/14\/zum-valentinstag-gibt-es\/\">Sanddornsch\u00e4fchen-Lippenstift<\/a><br \/>\n<a title=\"Rosen, Milch und Erde\" href=\"http:\/\/www.kleine-miri.de\/blog\/?p=184\">Waschgel mit Rosenwasser und Tonerde<\/a><br \/>\n<a title=\"Winterhaut\" href=\"http:\/\/www.kleine-miri.de\/blog\/?p=101\">Wintercreme mit Ringelblume<\/a><\/p>\n<p><strong>K\u00f6rper<\/strong><\/p>\n<p><a href=\"https:\/\/www.kleine-miri.de\/blog\/2016\/07\/24\/sommer-im-hexengarten-erfrischen-einfach\/\">Aloe-Minz-Spray zur Erfrischung<\/a><br \/>\n<a href=\"http:\/\/www.kleine-miri.de\/blog\/2014\/05\/11\/mit-efeu-gegen-orangenhaut\/\" title=\"Mit Efeu gegen Orangenhaut\">Efeucreme gegen Cellulite<\/a><br \/>\n<a href=\"https:\/\/www.kleine-miri.de\/blog\/2016\/05\/14\/fruehjahrskur-iii-die-haut-macht-mit\/\">Fr\u00fchjahrskur-K\u00f6rper\u00f6l<\/a><br \/>\n<a href=\"http:\/\/www.kleine-miri.de\/blog\/2014\/05\/25\/betoerende-bluetenduefte\/\" title=\"Bet\u00f6rende Bl\u00fctend\u00fcfte\">K\u00f6rperbutter mit Jasmin und Rose<\/a><br \/>\n<a title=\"Kokostraum\" href=\"http:\/\/www.kleine-miri.de\/blog\/2013\/10\/14\/kokostraum\/\">Kokos-K\u00f6rperbutter<\/a><br \/>\n<a href=\"https:\/\/www.kleine-miri.de\/blog\/2014\/11\/27\/schoko-oder-vanille\/\" title=\"Schoko oder Vanille?\">K\u00f6rperbutter Wei\u00dfe Schokolade<\/a><br \/>\n<a href=\"https:\/\/www.kleine-miri.de\/blog\/2015\/11\/04\/geschuettelt-statt-geruehrt\/\">K\u00f6rper\u00f6l Nur-ein-Tropfen-Rosen\u00f6l<\/a><br \/>\n<a href=\"https:\/\/www.kleine-miri.de\/blog\/2015\/10\/25\/seelenwaermer\/\">K\u00f6rper\u00f6l Seelenw\u00e4rmer<\/a><br \/>\n<a href=\"https:\/\/www.kleine-miri.de\/blog\/2015\/11\/04\/geschuettelt-statt-geruehrt\/\">K\u00f6rper\u00f6l S\u00fcdseesch\u00f6nheit<\/a><br \/>\n<a href=\"https:\/\/www.kleine-miri.de\/blog\/2016\/12\/05\/geschenke-aus-der-hexenkueche-wie-weisse-schokolade-ohne-kalorien\/\">Massagebutter Wei\u00dfe Schokolade<\/a><br \/>\n<a href=\"https:\/\/www.kleine-miri.de\/blog\/2017\/05\/01\/bluetenzart-fuer-die-haut\/\">Schlehenbl\u00fcten\u00f6l<\/a><br \/>\n<a href=\"http:\/\/www.kleine-miri.de\/blog\/2014\/04\/15\/mandelbluetenzeit\/\" title=\"Mandelbl\u00fctenzeit\">Tonka-Mandel-K\u00f6rperbutter<\/a><\/p>\n<p><strong>Haare<\/strong><\/p>\n<p><a title=\"Oliven\u00f6l f\u00fcr\u2019s Haar\" href=\"http:\/\/www.kleine-miri.de\/blog\/?p=59\">Oliven\u00f6lsp\u00fclung<\/a><br \/>\n<a title=\"Duftige Haare\" href=\"http:\/\/www.kleine-miri.de\/blog\/?p=172\">Pflegespray f\u00fcr die Haare<\/a><br \/>\n<a title=\"Der Duft von Rosen und Jasmin\" href=\"http:\/\/www.kleine-miri.de\/blog\/2013\/10\/25\/der-duft-von-rosen-und-jasmin\/\">Pflegespray f\u00fcr die Haare mit Rose und Jasmin<\/a><br \/>\n<a href=\"http:\/\/www.kleine-miri.de\/blog\/2014\/07\/02\/toertchen-fuer-die-haare\/\" title=\"T\u00f6rtchen f\u00fcr die Haare\">Ringelblumen-Shampoobar<\/a><br \/>\n<a title=\"Silikonfrei\" href=\"http:\/\/www.kleine-miri.de\/blog\/?p=255\">Shampoo-Bar mit Tonerde und Kletten\u00f6l<\/a><\/p>\n<p><strong>Baden &#038; Duschen<\/strong><\/p>\n<p><a href=\"http:\/\/www.kleine-miri.de\/blog\/2014\/01\/12\/frau-wacholder-hilft\/\" title=\"Frau Wacholder hilft\">Badecreme gegen R\u00fcckenschmerzen<\/a><br \/>\n<a href=\"https:\/\/www.kleine-miri.de\/blog\/2015\/10\/25\/seelenwaermer\/\">Bade\u00f6l Waldhonig<\/a><br \/>\n<a title=\"Badezeit\" href=\"http:\/\/www.kleine-miri.de\/blog\/?p=25\">Badepralinen<\/a><br \/>\n<a href=\"http:\/\/www.kleine-miri.de\/blog\/2014\/11\/03\/halloween-in-der-badewanne\/\">Badeschleim (gr\u00fcn und gruselig)<\/a><br \/>\n<a href=\"https:\/\/www.kleine-miri.de\/blog\/2014\/11\/25\/weihnachtsduft-im-bad-und-anderswo\/\" title=\"Weihnachtsduft im Bad und anderswo\">Duschgel mit Weihnachtsduft<\/a><br \/>\n<a title=\"Duschfreuden\" href=\"http:\/\/www.kleine-miri.de\/blog\/?p=181\">Duschmilch<\/a><br \/>\n<a href=\"http:\/\/www.kleine-miri.de\/blog\/2013\/12\/14\/geschenke-aus-der-hexenkuche-gewurzbadeol\/\" title=\"Geschenke aus der Hexenk\u00fcche: Gew\u00fcrzbade\u00f6l\">Gew\u00fcrzbade\u00f6l<\/a><br \/>\n<a href=\"http:\/\/www.kleine-miri.de\/blog\/2014\/05\/22\/sauber-mit-schlamm\/\" title=\"Sauber mit Schlamm\">Wascherde-Duschgel<\/a><\/p>\n<p><strong>Duft &#038; Deo<\/strong><\/p>\n<p><a href=\"https:\/\/www.kleine-miri.de\/blog\/2015\/06\/12\/mit-duft-gegen-plagegeister\/\">Anti-M\u00fccken-Spray<\/a><br \/>\n<a href=\"https:\/\/www.kleine-miri.de\/blog\/2016\/12\/01\/was-braucht-ein-gutes-deo\/\">Deo-Roll-On mit rosa Tonerde<\/a><br \/>\n<a href=\"https:\/\/www.kleine-miri.de\/blog\/2015\/03\/15\/wo-die-orangen-bluehen\/\">Deospray Eau de Portugal<\/a><br \/>\n<a href=\"https:\/\/www.kleine-miri.de\/blog\/2015\/09\/13\/zufallsduft\/\">Deospray Maigl\u00f6ckchen<\/a><br \/>\n<a href=\"https:\/\/www.kleine-miri.de\/blog\/2014\/12\/06\/geschenke-aus-der-hexenkueche-weihnachtsbaum-fuer-die-duftlampe\/\" title=\"Geschenke aus der Hexenk\u00fcche: Weihnachtsbaum f\u00fcr die Duftlampe\">Duftsmelt Weihnachtsbaum<\/a><br \/>\n<a href=\"http:\/\/www.kleine-miri.de\/blog\/2014\/04\/23\/zitrusfrisch\/\" title=\"Zitrusfrisch\">Eau de Toilette Zitrusfrisch<\/a><br \/>\n<a href=\"http:\/\/www.kleine-miri.de\/blog\/2014\/10\/15\/suedseemyrte-gegen-unangenehme-gerueche\/\">Manuka-Deo<\/a><\/p>\n<h2>Gesundheit<\/h2>\n<p><a href=\"https:\/\/www.kleine-miri.de\/blog\/2015\/08\/30\/nicht-nur-im-kraeuterbuschen\/\">Alantwein<\/a><br \/>\n<a href=\"https:\/\/www.kleine-miri.de\/blog\/2016\/02\/05\/besser-als-halsbobons\/\">Anti-Halsweh-Honigmischung<\/a><br \/>\n<a href=\"https:\/\/www.kleine-miri.de\/blog\/2015\/02\/25\/das-gold-der-heiligen-hildegard\/\" title=\"Das Gold der heiligen Hildegard\">B\u00e4rwurz-Birnhonig<\/a><br \/>\n<a href=\"https:\/\/www.kleine-miri.de\/blog\/2016\/02\/28\/kleine-rosskur-gegen-husten\/\">Brustsalbe<\/a><br \/>\n<a href=\"https:\/\/www.kleine-miri.de\/blog\/2017\/01\/08\/lecker-und-gegen-husten\/\">Eibisch-Rosen-Sirup gegen Husten<\/a><br \/>\n<a href=\"https:\/\/www.kleine-miri.de\/blog\/2017\/06\/04\/zwei-kleine-nothelfer-bei-mueckenstichen\/\">Epsonsalz-K\u00fchlgel gegen M\u00fcckenstiche<\/a><br \/>\n<a href=\"https:\/\/www.kleine-miri.de\/blog\/2015\/01\/07\/helferlein-fuer-den-bauch\/\" title=\"Helferlein f\u00fcr den Bauch\">Ingwerpastillen<\/a><br \/>\n<a href=\"https:\/\/www.kleine-miri.de\/blog\/2015\/05\/17\/besser-als-nasenspray\/\">Inhalation gegen Triefnasen<\/a><br \/>\n<a href=\"https:\/\/www.kleine-miri.de\/blog\/2016\/07\/03\/regen-sonne-sonnenbrand\/\">Lavendel-Sanddorn-Gel gegen Sonnenbrand, Verbrennungen und M\u00fcckenstiche<\/a><br \/>\n<a href=\"https:\/\/www.kleine-miri.de\/blog\/2015\/03\/01\/im-kampf-gegen-den-infekt\/\">Manuka\u00f6l<\/a><br \/>\n<a href=\"https:\/\/www.kleine-miri.de\/blog\/2016\/02\/28\/kleine-rosskur-gegen-husten\/\">Meerrettich-Honig<\/a><br \/>\n<a title=\"Heile, heile Segen\" href=\"http:\/\/www.kleine-miri.de\/blog\/?p=117\">Ringelblumen-Oliven\u00f6l-Salbe<\/a><br \/>\n<a href=\"https:\/\/www.kleine-miri.de\/blog\/2014\/11\/14\/mal-wieder-ruecken\/\" title=\"Mal wieder R\u00fccken\">R\u00fcckenwohl\u00f6l<\/a><br \/>\n<a href=\"http:\/\/www.kleine-miri.de\/blog\/2014\/01\/12\/frau-wacholder-hilft\/\" title=\"Frau Wacholder hilft\">Wacholderspiritus<\/a><\/p>\n<h2>K\u00fcche<\/h2>\n<p><strong>Deftiges<\/strong><\/p>\n<p><a href=\"https:\/\/www.kleine-miri.de\/blog\/2015\/03\/22\/der-erste-baerlauch\/\">B\u00e4rlauchfrischk\u00e4se<\/a><br \/>\n<a title=\"B\u00e4rlauchzeit\" href=\"http:\/\/www.kleine-miri.de\/blog\/?p=243\">B\u00e4rlauchpesto<\/a><br \/>\n<a title=\"B\u00e4rlauchzeit\" href=\"http:\/\/www.kleine-miri.de\/blog\/?p=243\">B\u00e4rlauchrisotto<\/a><br \/>\n<a href=\"http:\/\/www.kleine-miri.de\/blog\/2014\/08\/28\/sommer-im-hexengarten-koenigliches-kraut\/\" title=\"Sommer im Hexengarten: K\u00f6nigliches Kraut\">Basilikum-Pesto<\/a><br \/>\n<a href=\"http:\/\/www.kleine-miri.de\/blog\/2014\/09\/09\/alles-essig\/\" title=\"Alles Essig\">Estragon-Essig<\/a><br \/>\n<a href=\"http:\/\/www.kleine-miri.de\/blog\/2014\/08\/01\/sommer-im-hexengarten-das-salatsossenkraut\/\" title=\"Sommer im Hexengarten: Das Salatso\u00dfenkraut\">Estragon-Vinaigrette<\/a><br \/>\n<a title=\"Ophelia\" href=\"http:\/\/www.kleine-miri.de\/blog\/?p=343\">Gem\u00fcse in Metaxa-So\u00dfe<\/a><br \/>\n<a title=\"Gr\u00fcne Suppe\" href=\"http:\/\/www.kleine-miri.de\/blog\/?p=163\">Gr\u00fcne Fr\u00fchlingssuppe<\/a><br \/>\n<a href=\"https:\/\/www.kleine-miri.de\/blog\/2017\/04\/07\/giersch-unsaegliches-unkraut-oder-einfach-nur-lecker\/\">Giersch-Blini<\/a><br \/>\n<a href=\"https:\/\/www.kleine-miri.de\/blog\/2015\/05\/09\/alles-mit-gruener-sosse\/\">Gr\u00fcne So\u00dfe<\/a><br \/>\n<a href=\"https:\/\/www.kleine-miri.de\/blog\/2016\/05\/04\/fruehjahrskur-ii-spargelzeit\/\">Gr\u00fcner Spargelsalat<\/a><br \/>\n<a href=\"https:\/\/www.kleine-miri.de\/blog\/2016\/09\/03\/sommer-im-hexengarten-jetzt-wird-es-scharf\/\">Habanero Hot Sauce<\/a><br \/>\n<a href=\"http:\/\/www.kleine-miri.de\/blog\/2014\/05\/29\/backen-mit-hanf\/\" title=\"Backen mit Hanf ;-)\">Hanffladenbrot<\/a><br \/>\n<a href=\"http:\/\/www.kleine-miri.de\/blog\/2014\/06\/19\/so-viel-salat\/\" title=\"So viel Salat\">Holunderbl\u00fcten-Vinaigrette<\/a><br \/>\n<a title=\"Krause Glucke\" href=\"http:\/\/www.kleine-miri.de\/blog\/2013\/10\/22\/krause-glucke\/\">Krause Glucke gebraten<\/a><br \/>\n<a href=\"https:\/\/www.kleine-miri.de\/blog\/2015\/02\/01\/maroni-im-topf\/\" title=\"Maroni im Topf\">Maroni-Eintopf mit Wintergem\u00fcse<\/a><br \/>\n<a href=\"http:\/\/www.kleine-miri.de\/blog\/2014\/07\/12\/happy-mohn-day\/\" title=\"Happy Mohn-Day\">Mohn-Frischk\u00e4se-So\u00dfe<\/a><br \/>\n<a href=\"http:\/\/www.kleine-miri.de\/blog\/2014\/02\/01\/einfach-und-lecker\/\" title=\"Einfach und lecker\">Mohn-Walnuss-Vollkornbrot<\/a><br \/>\n<a title=\"Pommes ganz einfach\" href=\"http:\/\/www.kleine-miri.de\/blog\/?p=139\">Ofenpommes<\/a><br \/>\n<a href=\"http:\/\/www.kleine-miri.de\/blog\/2014\/07\/20\/endlich-pfifferlingszeit\/\" title=\"Endlich Pfifferlingszeit!\">Pfifferlinge in Schmand<\/a><br \/>\n<a title=\"Quiche m\u00e9diterran\u00e9enne\" href=\"http:\/\/www.kleine-miri.de\/blog\/2013\/11\/07\/quiche-mediterraneenne\/\">Quiche m\u00e9diterran\u00e9enne<\/a><br \/>\n<a title=\"Spinnen als Nachtisch?\" href=\"http:\/\/www.kleine-miri.de\/blog\/2013\/10\/29\/spinnen-als-nachtisch\/\">Spinnenkekse<\/a><br \/>\n<a href=\"http:\/\/www.kleine-miri.de\/blog\/2014\/04\/04\/suesskartoffelsehnsucht\/\" title=\"S\u00fc\u00dfkartoffelsehnsucht\">S\u00fc\u00dfkartoffel-Erdnuss-Eintopf<\/a><br \/>\n<a href=\"https:\/\/www.kleine-miri.de\/blog\/2015\/05\/16\/wozu-salat-kaufen\/\">Wildkr\u00e4utersalat<\/a><\/p>\n<p><strong>S\u00fc\u00dfes<\/strong><\/p>\n<p><a href=\"https:\/\/www.kleine-miri.de\/blog\/2017\/07\/29\/sommer-im-hexengarten-after-eight-frisch-vom-balkon\/\">After-Eight-Cookies (glutenfrei)<\/a><br \/>\n<a href=\"http:\/\/www.kleine-miri.de\/blog\/2014\/09\/06\/ach-bitte-schuettel-mich\/\" title=\"Ach, bitte sch\u00fcttel mich\">Apfelk\u00fcchle<\/a><br \/>\n<a href=\"http:\/\/www.kleine-miri.de\/blog\/2014\/05\/30\/bluetenernte\/\" title=\"Bl\u00fctenernte\">Bl\u00fctenpfannkuchen<\/a><br \/>\n<a href=\"https:\/\/www.kleine-miri.de\/blog\/2016\/08\/06\/backen-mit-buchweizen\/\">Buchweizen-Kirschtorte (glutenfrei)<\/a><br \/>\n<a href=\"https:\/\/www.kleine-miri.de\/blog\/2015\/02\/04\/fuer-einen-guten-start-in-den-tag\/\" title=\"F\u00fcr einen guten Start in den Tag\">Dinkelgrie\u00dfbrei mit Ingwer und Zimt<\/a><br \/>\n<a href=\"http:\/\/www.kleine-miri.de\/blog\/2014\/07\/22\/minze-und-erdbeere\/\" title=\"Minze und Erdbeere\">Erdbeer-Minzcreme-Torte<\/a><br \/>\n<a title=\"Sonntagsfr\u00fchst\u00fcck\" href=\"http:\/\/www.kleine-miri.de\/blog\/2013\/11\/10\/sonntagsfruhstuck\/\">Gew\u00fcrzpfannkuchen<\/a><br \/>\n<a href=\"https:\/\/www.kleine-miri.de\/blog\/2016\/12\/11\/gute-laune-cookies-frei-nach-hildegard\/\">Gute-Laune-Cookies frei nach Hildegard<\/a><br \/>\n<a title=\"Seelenfutter f\u00fcr die dunkle Jahreszeit\" href=\"http:\/\/www.kleine-miri.de\/blog\/2013\/10\/07\/seelenfutter-fur-die-dunkle-jahreszeit\/\">Kakao italienischer Art<\/a><br \/>\n<a title=\"Vergessene K\u00f6stlichkeit\" href=\"http:\/\/www.kleine-miri.de\/blog\/?p=356\">Kornellkirschen-Mus<\/a><br \/>\n<a href=\"https:\/\/www.kleine-miri.de\/blog\/2017\/08\/18\/sommer-im-hexengarten-lavendelliebe\/\">Lavendelmousse<\/a><br \/>\n<a href=\"https:\/\/www.kleine-miri.de\/blog\/2017\/12\/13\/zum-luciatag-glutenfreie-maroni-lussekatter\/\">Maroni-Lussekatter (glutenfrei)<\/a><br \/>\n<a href=\"https:\/\/www.kleine-miri.de\/blog\/2017\/03\/05\/etwas-hildegard-und-eine-kastanienleckerei\/\">Maronipan<\/a><br \/>\n<a title=\"Nana\" href=\"http:\/\/www.kleine-miri.de\/blog\/?p=325\">Minzcreme<\/a><br \/>\n<a href=\"https:\/\/www.kleine-miri.de\/blog\/2017\/06\/16\/minze-trifft-holunderbluete\/\">Minz-Holunderbl\u00fctencreme<\/a><br \/>\n<a href=\"https:\/\/www.kleine-miri.de\/blog\/2015\/08\/21\/nostalgie-in-eis\/\">Minzeis<\/a><br \/>\n<a href=\"http:\/\/www.kleine-miri.de\/blog\/2014\/06\/01\/mohnblumenzeit\/\" title=\"Mohnblumenzeit\">Mohnbl\u00fctenzucker<\/a><br \/>\n<a href=\"http:\/\/www.kleine-miri.de\/blog\/2014\/10\/24\/einladung-aufs-mohnfeld\/\">Mohnpl\u00e4tzchen<\/a><br \/>\n<a title=\"Gerbrunner Muskazinen\" href=\"http:\/\/www.kleine-miri.de\/blog\/2013\/11\/06\/gerbrunner-muskazinen\/\">Muskazinen<\/a><br \/>\n<a href=\"https:\/\/www.kleine-miri.de\/blog\/2015\/01\/17\/luxusobstsalat\/\" title=\"Luxusobstsalat\">Obstsalat mit Khaki und Grantapfel<\/a><br \/>\n<a href=\"https:\/\/www.kleine-miri.de\/blog\/2015\/01\/18\/orangenbluetenduft\/\" title=\"Orangenbl\u00fctenduft\">Orangenbl\u00fctenpudding<\/a><br \/>\n<a href=\"http:\/\/www.kleine-miri.de\/blog\/2014\/09\/29\/nette-nachbarin-und-quittenvorfreude\/\">Quittencrumble<\/a><br \/>\n<a href=\"https:\/\/www.kleine-miri.de\/blog\/2015\/04\/05\/osterfruehstueck\/\">Rosinenbr\u00f6tchen<\/a><br \/>\n<a href=\"http:\/\/www.kleine-miri.de\/blog\/2014\/09\/01\/ein-schatz-aus-kindertagen\/\" title=\"Ein Schatz aus Kindertagen\">R\u00fchrkuchen mit versunkenen Kirschen<\/a><br \/>\n<a href=\"http:\/\/www.kleine-miri.de\/blog\/2014\/06\/07\/richtig-schokoladig\/\" title=\"Richtig schokoladig\">Schokocookies<\/a><br \/>\n<a href=\"http:\/\/www.kleine-miri.de\/blog\/2014\/06\/27\/auf-der-picknickdecke\/\" title=\"Auf der Picknickdecke\">Schoko-Vanille-Cookies<\/a><br \/>\n<a title=\"Eine ist nicht genug\" href=\"http:\/\/www.kleine-miri.de\/blog\/2013\/11\/24\/eine-ist-nicht-genug\/\">Vanillewaffeln<\/a><br \/>\n<a href=\"https:\/\/www.kleine-miri.de\/blog\/2017\/05\/21\/waldmeisterpudding-nicht-in-gruen-und-ohne-kochen\/\">Waldmeisterpudding (ohne Kochen)<\/a><\/p>\n<p><strong>Getr\u00e4nke<\/strong><\/p>\n<p><a href=\"http:\/\/www.kleine-miri.de\/blog\/2014\/09\/11\/dreimal-gruene-fee\/\">Absinth &#8222;Dreimal gr\u00fcne Fee&#8220;<\/a><br \/>\n<a href=\"https:\/\/www.kleine-miri.de\/blog\/2016\/06\/12\/cola-im-balkonkasten\/\">Erdbeer-Colakraut-Smoothie<\/a><br \/>\n<a href=\"https:\/\/www.kleine-miri.de\/blog\/2015\/06\/04\/feentrank\/\">Gei\u00dfblattsirup<\/a><br \/>\n<a href=\"https:\/\/www.kleine-miri.de\/blog\/2017\/12\/10\/geschenke-aus-der-hexenkueche-gluehweinsirup\/\">Gl\u00fchweinsirup<\/a><br \/>\n<a href=\"https:\/\/www.kleine-miri.de\/blog\/2016\/03\/13\/fruehjahrskur-i-es-muss-nicht-immer-tee-sein\/\">Gurken-Mango-Birken-Smoothie<\/a><br \/>\n<a href=\"http:\/\/www.kleine-miri.de\/blog\/2013\/12\/01\/wunschpunsch\/\" title=\"Wunschpunsch\">Holunderpunsch<\/a><br \/>\n<a href=\"http:\/\/www.kleine-miri.de\/blog\/2014\/05\/13\/so-viel-minze\/\" title=\"So viel Minze\">Minzlimonade<\/a><br \/>\n<a title=\"Schlummertrunk\" href=\"http:\/\/www.kleine-miri.de\/blog\/2013\/11\/19\/schlummertrunk\/\">Mohnsuppe<\/a><br \/>\n<a href=\"https:\/\/www.kleine-miri.de\/blog\/2017\/10\/23\/suesses-aus-sauren-fruechtchen\/\">Schlehensaft<\/a><br \/>\n<a href=\"https:\/\/www.kleine-miri.de\/blog\/2017\/07\/22\/waldmeistereistee-ohne-waldmeister\/\">Steinklee-Eistee (schmeckt nach Waldmeister)<\/a><br \/>\n<a href=\"http:\/\/www.kleine-miri.de\/blog\/2013\/12\/15\/zaubermilch\/\" title=\"Zaubermilch\">Tonka-Vanille-Milch<\/a><br \/>\n<a title=\"Gr\u00fc\u00dfe von der Fr\u00fchlingsg\u00f6ttin\" href=\"http:\/\/www.kleine-miri.de\/blog\/?p=144\">Veilchenlimonade<\/a><br \/>\n<a title=\"Waldmeisterlich!\" href=\"http:\/\/www.kleine-miri.de\/blog\/?p=272\">Waldmeistersirup<\/a><\/p>\n<p><strong>Bastelei<\/strong><\/p>\n<p><a href=\"http:\/\/www.kleine-miri.de\/blog\/2014\/06\/23\/fuer-angehende-makrofotografen\/\" title=\"F\u00fcr angehende Makrofotografen\">Dinkelsack f\u00fcr Makrofotografie<\/a><br \/>\n<a href=\"https:\/\/www.kleine-miri.de\/blog\/2016\/01\/15\/frau-holles-zauberfloete\/\">Fl\u00f6tentasche aus Filz<\/a><br \/>\n<a href=\"http:\/\/www.kleine-miri.de\/blog\/2014\/04\/27\/streicheleinheiten\/\" title=\"Streicheleinheiten\">Geh\u00e4kelter Massagehandschuh<\/a><br \/>\n<a href=\"http:\/\/www.kleine-miri.de\/blog\/2014\/02\/05\/lese-eulen\/\" title=\"Lese-Eulen\">Gestrickte Ebook-Reader-H\u00fclle<\/a><br \/>\n<a href=\"https:\/\/www.kleine-miri.de\/blog\/2015\/10\/18\/miri-macht-blau\/\">Indigo-F\u00e4rbung<\/a><br \/>\n<a href=\"https:\/\/www.kleine-miri.de\/blog\/2016\/08\/21\/upcycling-eine-ganz-einfache-jeanstasche\/\">Jeanstasche (ganz einfach)<\/a><br \/>\n<a href=\"https:\/\/www.kleine-miri.de\/blog\/2016\/06\/21\/ein-kleiner-strauss-zur-sonnwende\/\">Sonnwendkr\u00e4uterbuschen<\/a><br \/>\n<a href=\"http:\/\/www.kleine-miri.de\/blog\/2013\/11\/30\/meisenparty\/\" title=\"Meisenparty\">Vogelfutterflasche<\/a><\/p>\n","protected":false},"excerpt":{"rendered":"<p>Hier findet sich eine \u00dcbersicht der Rezepte, die bisher auf Miris Hexenk\u00fcche vorgestellt wurden. Kosmetik Gesicht Gesichtsgel Gesichtsreinigungs\u00f6l Hyalurongel Kastanien-Tonerde-Maske Lippenpflegestift Lippenpflegestift Mimose Maske mit &#8222;Meeresschlamm&#8220; Peeling mit Mohn und Honig Ringelblumen-Oliven\u00f6l-Lippenstift Rosencreme Schoko-Kokos-Lippenbalsam Sanddornsch\u00e4fchen-Lippenstift Waschgel mit Rosenwasser und Tonerde&hellip;<\/p>\n<p class=\"more-link-p\"><a class=\"more-link\" href=\"https:\/\/www.kleine-miri.de\/blog\/rezepte\/\">Weiterlesen &rarr;<\/a><\/p>\n","protected":false},"author":1,"featured_media":0,"parent":0,"menu_order":1,"comment_status":"closed","ping_status":"closed","template":"","meta":{"footnotes":""},"class_list":["post-205","page","type-page","status-publish","hentry"],"_links":{"self":[{"href":"https:\/\/www.kleine-miri.de\/blog\/wp-json\/wp\/v2\/pages\/205","targetHints":{"allow":["GET"]}}],"collection":[{"href":"https:\/\/www.kleine-miri.de\/blog\/wp-json\/wp\/v2\/pages"}],"about":[{"href":"https:\/\/www.kleine-miri.de\/blog\/wp-json\/wp\/v2\/types\/page"}],"author":[{"embeddable":true,"href":"https:\/\/www.kleine-miri.de\/blog\/wp-json\/wp\/v2\/users\/1"}],"replies":[{"embeddable":true,"href":"https:\/\/www.kleine-miri.de\/blog\/wp-json\/wp\/v2\/comments?post=205"}],"version-history":[{"count":68,"href":"https:\/\/www.kleine-miri.de\/blog\/wp-json\/wp\/v2\/pages\/205\/revisions"}],"predecessor-version":[{"id":986,"href":"https:\/\/www.kleine-miri.de\/blog\/wp-json\/wp\/v2\/pages\/205\/revisions\/986"}],"wp:attachment":[{"href":"https:\/\/www.kleine-miri.de\/blog\/wp-json\/wp\/v2\/media?parent=205"}],"curies":[{"name":"wp","href":"https:\/\/api.w.org\/{rel}","templated":true}]}}